{"id":389,"date":"2020-04-16T16:54:50","date_gmt":"2020-04-16T14:54:50","guid":{"rendered":"https:\/\/www.quel-erp.com\/magazine\/?page_id=389"},"modified":"2020-04-16T16:54:52","modified_gmt":"2020-04-16T14:54:52","slug":"conditions-generales-dutilisation","status":"publish","type":"page","link":"https:\/\/www.quel-erp.com\/magazine\/conditions-generales-dutilisation\/","title":{"rendered":"Conditions G\u00e9n\u00e9rales d\u2019Utilisation"},"content":{"rendered":"\n<p><strong>Mise en garde g\u00e9n\u00e9rale<\/strong><\/p>\n\n\n\n<p>Les informations communiqu\u00e9es par le site sont r\u00e9serv\u00e9es \u00e0 ses utilisateurs et fournies \u00e0 titre purement informatif. Elles ne constituent pas une recommandation. Quel-erp.com&nbsp;ne garantit ni l\u2019exactitude ni l\u2019exhaustivit\u00e9 des informations, textes, graphiques, lien ou autre contenu du site. Nous vous recommandons de vous adresser \u00e0 un sp\u00e9cialiste pour obtenir des conseils pr\u00e9cis adapt\u00e9s \u00e0 votre situation.<br>Quel-erp.com, s\u2019efforce d\u2019assurer au mieux de ses possibilit\u00e9s, l\u2019exactitude et la mise \u00e0 jour des informations diffus\u00e9es sur ce Site, au moment de leur mise en ligne. Toutefois, Quel-erp.com&nbsp;se r\u00e9serve le droit de modifier ou de corriger le contenu des documents publi\u00e9s sur ce site \u00e0 tout moment et sans pr\u00e9avis.<br>En cons\u00e9quence, Quel-erp.com&nbsp;d\u00e9cline toute responsabilit\u00e9 :<br>\u2013 pour toute interruption du site ou survenance de bug,<br>\u2013 pour toute impr\u00e9cision, inexactitude ou omission portant sur des informations disponibles sur le site,<br>\u2013 pour tous dommages r\u00e9sultant d\u2019une intrusion frauduleuse d\u2019un tiers y compris lorsque celle-ci pourrait entra\u00eener une modification des informations mises \u00e0 disposition sur le site,<br>\u2013 et plus g\u00e9n\u00e9ralement pour tous dommages, directs ou indirects, quelles qu\u2019en soient les causes, origines, natures ou cons\u00e9quences, provoqu\u00e9s \u00e0 raison de l\u2019acc\u00e8s de quiconque au site ou de l\u2019impossibilit\u00e9 d\u2019y acc\u00e9der, de m\u00eame que l\u2019utilisation du site et\/ou du cr\u00e9dit accord\u00e9 \u00e0 une quelconque information provenant directement ou indirectement de ce dernier.<\/p>\n\n\n\n<p><strong>Propri\u00e9t\u00e9 intellectuelle<\/strong><\/p>\n\n\n\n<p>En vertu de l\u2019article L.122-4 du code de la propri\u00e9t\u00e9 intellectuelle \u00ab Toute repr\u00e9sentation ou reproduction int\u00e9grale ou partielle faite sans le consentement de l\u2019auteur ou de ses ayants droit ou ayants cause est illicite. Il en est de m\u00eame pour la traduction, l\u2019adaptation ou la transformation, l\u2019arrangement ou la reproduction par un art ou un proc\u00e9d\u00e9 quelconque \u00bb.<br>Toute reproduction et\/ou repr\u00e9sentation totale ou partielle du site Internet par quelque proc\u00e9d\u00e9 que ce soit, sans l\u2019autorisation expresse, \u00e9crite et pr\u00e9alable de son propri\u00e9taire, est interdite, et est constitutif de contrefa\u00e7on. Il en est de m\u00eame des bases de donn\u00e9es figurant sur le site Internet, qui sont prot\u00e9g\u00e9es par les dispositions de la loi du 1er juillet 1998 portant transposition dans le Code de la propri\u00e9t\u00e9 intellectuelle de la directive europ\u00e9enne du 11 mars 1996 relative \u00e0 la protection juridique des bases de donn\u00e9es.<br>La mise en place d\u2019un lien hypertexte pointant vers l\u2019adresse&nbsp;www.quel-erp.com&nbsp;est autoris\u00e9e (sauf site web contenant des informations \u00e0 caract\u00e8re pornographique, x\u00e9nophobe, politique, religieux, ainsi que tout site contenant des caract\u00e8res allant \u00e0 l\u2019encontre des bonnes m\u0153urs et de l\u2019ordre public.)<br>La structure g\u00e9n\u00e9rale, ainsi que les logiciels, textes, images anim\u00e9es ou fixes, sons, savoir-faire, dessins, graphismes, ou tout autre \u00e9l\u00e9ment composant le site sont la propri\u00e9t\u00e9 exclusive de Quel-erp.com. Toutes les autres marques cit\u00e9es appartiennent \u00e0 leurs propri\u00e9taires respectifs.<\/p>\n\n\n\n<p><strong>Loi du 6 janvier 1978 relative \u00e0 l\u2019Informatique et aux Libert\u00e9s<\/strong><\/p>\n\n\n\n<p>Les donn\u00e9es personnelles collect\u00e9es sur notre site ont pour objet de rendre fonctionnel le formulaire de contact et de r\u00e9pondre \u00e0 vos questions. Conform\u00e9ment \u00e0 la loi informatique et libert\u00e9s du 6 janvier 1978 modifi\u00e9e par la loi du 6 ao\u00fbt 2004, vous disposez sur vos donn\u00e9es d\u2019un droit de modification, de suppression, de rectification et de regard. Vous pouvez \u00e0 tout moment acc\u00e9der aux informations personnelles vous concernant et d\u00e9tenues par&nbsp;www.quel-erp.com&nbsp;&nbsp;et demander leur modification ou leur suppression via l\u2019envoi d\u2019un courriel \u00e0&nbsp;contact@quel-erp.com.<\/p>\n\n\n\n<p><strong>Liens vers d\u2019autres sites<\/strong><\/p>\n\n\n\n<p>Les liens figurant sur ce site vers d\u2019autres sites sont donn\u00e9s \u00e0 titre informatif. Ils ne sauraient impliquer Quel-erp.com&nbsp; en aucune mani\u00e8re : adh\u00e9sion aux contenus des pages Web vers lesquels pointent ces liens, aux produits, publicit\u00e9s ou tous \u00e9l\u00e9ments ou services pr\u00e9sent\u00e9s sur ces sites. La s\u00e9curit\u00e9 informatique des pages vers lesquelles certains liens figurant sur le site peuvent pointer n\u2019est pas garantie. Il vous importe de prendre les pr\u00e9cautions n\u00e9cessaires \u00e0 cet \u00e9gard, Quel-erp.com&nbsp;d\u00e9cline toute responsabilit\u00e9 pour tous dommages directs ou indirects quel qu\u2019en soient les causes, origines, natures ou cons\u00e9quences provoqu\u00e9es \u00e0 raison de l\u2019acc\u00e8s \u00e0 d\u2019autres sites. Nous vous rappelons que les autres sites sont soumis \u00e0 leurs propres conditions d\u2019utilisation.<\/p>\n\n\n\n<p><strong>Respect des r\u00e9glementations<\/strong><\/p>\n\n\n\n<p>Le site est mis en place par Quel-erp.com. Les internautes, ayant acc\u00e8s au site d\u2019autres endroits que la France, doivent s\u2019assurer du respect des lois localement applicables.<\/p>\n\n\n\n<p><strong>Modifications des mentions l\u00e9gales<\/strong><\/p>\n\n\n\n<p>Quel-erp.com&nbsp;se r\u00e9serve le droit de modifier ou de compl\u00e9ter les pr\u00e9sentes Mentions L\u00e9gales \u00e0 tout moment et sans pr\u00e9avis, nous vous invitons \u00e0 les consulter r\u00e9guli\u00e8rement.<\/p>\n","protected":false},"excerpt":{"rendered":"<p>Mise en garde g\u00e9n\u00e9rale Les informations communiqu\u00e9es par le site sont r\u00e9serv\u00e9es \u00e0 ses utilisateurs et fournies \u00e0 titre purement informatif. Elles ne constituent pas une recommandation. Quel-erp.com&nbsp;ne garantit ni l\u2019exactitude ni l\u2019exhaustivit\u00e9 des informations, textes, graphiques, lien ou autre contenu du site. Nous vous recommandons de vous adresser \u00e0 un sp\u00e9cialiste pour obtenir des [&hellip;]<\/p>\n","protected":false},"author":1,"featured_media":0,"parent":0,"menu_order":0,"comment_status":"closed","ping_status":"closed","template":"","meta":[],"_links":{"self":[{"href":"https:\/\/www.quel-erp.com\/magazine\/wp-json\/wp\/v2\/pages\/389"}],"collection":[{"href":"https:\/\/www.quel-erp.com\/magazine\/wp-json\/wp\/v2\/pages"}],"about":[{"href":"https:\/\/www.quel-erp.com\/magazine\/wp-json\/wp\/v2\/types\/page"}],"author":[{"embeddable":true,"href":"https:\/\/www.quel-erp.com\/magazine\/wp-json\/wp\/v2\/users\/1"}],"replies":[{"embeddable":true,"href":"https:\/\/www.quel-erp.com\/magazine\/wp-json\/wp\/v2\/comments?post=389"}],"version-history":[{"count":1,"href":"https:\/\/www.quel-erp.com\/magazine\/wp-json\/wp\/v2\/pages\/389\/revisions"}],"predecessor-version":[{"id":390,"href":"https:\/\/www.quel-erp.com\/magazine\/wp-json\/wp\/v2\/pages\/389\/revisions\/390"}],"wp:attachment":[{"href":"https:\/\/www.quel-erp.com\/magazine\/wp-json\/wp\/v2\/media?parent=389"}],"curies":[{"name":"wp","href":"https:\/\/api.w.org\/{rel}","templated":true}]}}